{"id":108,"date":"2021-03-28T11:29:05","date_gmt":"2021-03-28T09:29:05","guid":{"rendered":"http:\/\/www.katrimuikku.fi\/?page_id=108"},"modified":"2021-04-08T19:21:18","modified_gmt":"2021-04-08T17:21:18","slug":"koulutustiedot","status":"publish","type":"page","link":"https:\/\/www.katrimuikku.fi\/index.php\/koulutustiedot\/","title":{"rendered":"Koulutustiedot"},"content":{"rendered":"\t\t<div data-elementor-type=\"wp-page\" data-elementor-id=\"108\" class=\"elementor elementor-108\">\n\t\t\t\t\t\t\t\t\t<section class=\"elementor-section elementor-top-section elementor-element elementor-element-55ae3201 elementor-section-boxed elementor-section-height-default elementor-section-height-default\" data-id=\"55ae3201\" data-element_type=\"section\">\n\t\t\t\t\t\t<div class=\"elementor-container elementor-column-gap-default\">\n\t\t\t\t\t<div class=\"elementor-column elementor-col-100 elementor-top-column elementor-element elementor-element-4003bf33\" data-id=\"4003bf33\" data-element_type=\"column\">\n\t\t\t<div class=\"elementor-widget-wrap elementor-element-populated\">\n\t\t\t\t\t\t\t\t<div class=\"elementor-element elementor-element-739ac53 elementor-widget elementor-widget-text-editor\" data-id=\"739ac53\" data-element_type=\"widget\" data-widget_type=\"text-editor.default\">\n\t\t\t\t<div class=\"elementor-widget-container\">\n\t\t\t\t\t\t\t<p><strong>Koulutus:<\/strong><\/p>\n<p><span style=\"font-weight: 400;\">Lastenpsykiatrian erikoisl\u00e4\u00e4k\u00e4ri, HY 2009<\/span><\/p>\n<p><span style=\"font-weight: 400;\">Psykoterapeutti (YET), Kognitiivisen psykoterapian yhdistys ry ja Helsingin yliopiston t\u00e4ydennyskoulutuskeskus Palmenia, 2010<\/span><\/p>\n<p><span style=\"font-weight: 400;\">Psykoterapeutti (VET), Kognitiivisen psykoterapian yhdistys ry ja Kognitiivisen psykoterapian keskus Luote Oy, 2013<\/span><\/p>\n<p>&nbsp;<\/p>\n<p><strong>Keskeisimm\u00e4t lis\u00e4koulutukset:<\/strong><\/p>\n<p><span style=\"font-weight: 400;\">Mindfulness-based stress reduction (MBRS)-kurssi 2015<\/span><\/p>\n<p><span style=\"font-weight: 400;\">Mindfulness-based treatment of children and adolescents with ADHD\/ conduct-disorders, 2014&nbsp;<\/span><\/p>\n<p><span style=\"font-weight: 400;\">MyMIND (Advanced Teacher Trainer)-koulutus: Mindfulness-training for Youth with ADHD and ASD and parallel Mindful Parenting Training) 2016&nbsp;&nbsp;<\/span><\/p>\n<p><span style=\"font-weight: 400;\">Schema Therapy for children and adolescents, 2015, Pietari sek\u00e4 2016 Helsinki<\/span><\/p>\n<p><span style=\"font-weight: 400;\">Skeematerapeuttinen ty\u00f6skentely ja keskeiset ty\u00f6tavat\/ ps Karila ja ps Tuulari 2024 (3x2pv\u00e4\u00e4) Helsinki<\/span><\/p>\n<p><span style=\"font-weight: 400;\">Lasten skeematerapian koulutuskokonaisuus (Christof Loose) 2017-alkaen ( 6 x 2 pv\u00e4\u00e4) ja ty\u00f6nohj.<\/span><\/p>\n<p><span style=\"font-weight: 400;\">Tf-CBT-koulutus 12.-13.9.19 dr Amy Hoch\/ Luote oy<\/span><\/p>\n<p>&nbsp;<\/p>\n<p><strong>Ty\u00f6kokemus:<\/strong><\/p>\n<p><span style=\"font-weight: 400;\">8\/2011 alkaen osa-aikaisena psykoterapeuttina (Salo-Medica oy) 8\/2011-4\/2014, osa-aikaisena yksityisen\u00e4 ammatinharjoittajana 5\/2014- (Katri I. Salo tmi)<\/span><\/p>\t\t\t\t\t\t<\/div>\n\t\t\t\t<\/div>\n\t\t\t\t\t<\/div>\n\t\t<\/div>\n\t\t\t\t\t\t\t<\/div>\n\t\t<\/section>\n\t\t\t\t\t\t\t<\/div>\n\t\t","protected":false},"excerpt":{"rendered":"<p>Koulutus: Lastenpsykiatrian erikoisl\u00e4\u00e4k\u00e4ri, HY 2009 Psykoterapeutti (YET), Kognitiivisen psykoterapian yhdistys ry ja Helsingin yliopiston t\u00e4ydennyskoulutuskeskus Palmenia, 2010 Psykoterapeutti (VET), Kognitiivisen psykoterapian yhdistys ry ja Kognitiivisen psykoterapian keskus Luote Oy, 2013 &nbsp; Keskeisimm\u00e4t lis\u00e4koulutukset: Mindfulness-based stress reduction (MBRS)-kurssi 2015 Mindfulness-based treatment<span class=\"read_more_area\"><a class=\"read-more\" href=\"https:\/\/www.katrimuikku.fi\/index.php\/koulutustiedot\/\"> Continue Reading <\/a><\/span><\/p>\n","protected":false},"author":1,"featured_media":0,"parent":0,"menu_order":0,"comment_status":"closed","ping_status":"closed","template":"","meta":{"footnotes":""},"class_list":["post-108","page","type-page","status-publish","hentry"],"_links":{"self":[{"href":"https:\/\/www.katrimuikku.fi\/index.php\/wp-json\/wp\/v2\/pages\/108","targetHints":{"allow":["GET"]}}],"collection":[{"href":"https:\/\/www.katrimuikku.fi\/index.php\/wp-json\/wp\/v2\/pages"}],"about":[{"href":"https:\/\/www.katrimuikku.fi\/index.php\/wp-json\/wp\/v2\/types\/page"}],"author":[{"embeddable":true,"href":"https:\/\/www.katrimuikku.fi\/index.php\/wp-json\/wp\/v2\/users\/1"}],"replies":[{"embeddable":true,"href":"https:\/\/www.katrimuikku.fi\/index.php\/wp-json\/wp\/v2\/comments?post=108"}],"version-history":[{"count":10,"href":"https:\/\/www.katrimuikku.fi\/index.php\/wp-json\/wp\/v2\/pages\/108\/revisions"}],"predecessor-version":[{"id":147,"href":"https:\/\/www.katrimuikku.fi\/index.php\/wp-json\/wp\/v2\/pages\/108\/revisions\/147"}],"wp:attachment":[{"href":"https:\/\/www.katrimuikku.fi\/index.php\/wp-json\/wp\/v2\/media?parent=108"}],"curies":[{"name":"wp","href":"https:\/\/api.w.org\/{rel}","templated":true}]}}