{"id":53,"date":"2021-03-27T22:09:48","date_gmt":"2021-03-27T20:09:48","guid":{"rendered":"http:\/\/www.katrimuikku.fi\/?page_id=53"},"modified":"2024-12-25T17:13:55","modified_gmt":"2024-12-25T15:13:55","slug":"53-2","status":"publish","type":"page","link":"https:\/\/www.katrimuikku.fi\/","title":{"rendered":"Etusivu"},"content":{"rendered":"\t\t<div data-elementor-type=\"wp-page\" data-elementor-id=\"53\" class=\"elementor elementor-53\">\n\t\t\t\t\t\t\t\t\t<section class=\"elementor-section elementor-top-section elementor-element elementor-element-a58d324 elementor-section-boxed elementor-section-height-default elementor-section-height-default\" data-id=\"a58d324\" data-element_type=\"section\">\n\t\t\t\t\t\t<div class=\"elementor-container elementor-column-gap-default\">\n\t\t\t\t\t<div class=\"elementor-column elementor-col-100 elementor-top-column elementor-element elementor-element-fed6ecd\" data-id=\"fed6ecd\" data-element_type=\"column\">\n\t\t\t<div class=\"elementor-widget-wrap elementor-element-populated\">\n\t\t\t\t\t\t\t\t<div class=\"elementor-element elementor-element-eadc876 elementor-widget elementor-widget-image\" data-id=\"eadc876\" data-element_type=\"widget\" data-widget_type=\"image.default\">\n\t\t\t\t<div class=\"elementor-widget-container\">\n\t\t\t\t\t\t\t\t\t\t\t\t\t\t\t<img decoding=\"async\" src=\"https:\/\/www.katrimuikku.fi\/wp-content\/uploads\/2024\/12\/Katri-Muikku-Logo.jpg\" title=\"Etusivu Logo\" alt=\"Etusivu Logo\" loading=\"lazy\" \/>\t\t\t\t\t\t\t\t\t\t\t\t\t\t\t<\/div>\n\t\t\t\t<\/div>\n\t\t\t\t\t<\/div>\n\t\t<\/div>\n\t\t\t\t\t\t\t<\/div>\n\t\t<\/section>\n\t\t\t\t<section class=\"elementor-section elementor-top-section elementor-element elementor-element-2c3ef93 elementor-section-boxed elementor-section-height-default elementor-section-height-default\" data-id=\"2c3ef93\" data-element_type=\"section\">\n\t\t\t\t\t\t<div class=\"elementor-container elementor-column-gap-default\">\n\t\t\t\t\t<div class=\"elementor-column elementor-col-100 elementor-top-column elementor-element elementor-element-4a225b7\" data-id=\"4a225b7\" data-element_type=\"column\">\n\t\t\t<div class=\"elementor-widget-wrap elementor-element-populated\">\n\t\t\t\t\t\t\t\t<div class=\"elementor-element elementor-element-547c888 elementor-widget elementor-widget-image\" data-id=\"547c888\" data-element_type=\"widget\" data-widget_type=\"image.default\">\n\t\t\t\t<div class=\"elementor-widget-container\">\n\t\t\t\t\t\t\t\t\t\t\t\t\t\t\t<img decoding=\"async\" src=\"https:\/\/www.katrimuikku.fi\/wp-content\/uploads\/2021\/03\/New-Project-3.jpg\" title=\"Flowers circle\" alt=\"Flowers circle\" loading=\"lazy\" \/>\t\t\t\t\t\t\t\t\t\t\t\t\t\t\t<\/div>\n\t\t\t\t<\/div>\n\t\t\t\t\t<\/div>\n\t\t<\/div>\n\t\t\t\t\t\t\t<\/div>\n\t\t<\/section>\n\t\t\t\t<section class=\"elementor-section elementor-top-section elementor-element elementor-element-9c0788b elementor-section-boxed elementor-section-height-default elementor-section-height-default\" data-id=\"9c0788b\" data-element_type=\"section\">\n\t\t\t\t\t\t<div class=\"elementor-container elementor-column-gap-default\">\n\t\t\t\t\t<div class=\"elementor-column elementor-col-100 elementor-top-column elementor-element elementor-element-42600e6\" data-id=\"42600e6\" data-element_type=\"column\">\n\t\t\t<div class=\"elementor-widget-wrap elementor-element-populated\">\n\t\t\t\t\t\t\t\t<div class=\"elementor-element elementor-element-e10b287 elementor-widget elementor-widget-text-editor\" data-id=\"e10b287\" data-element_type=\"widget\" data-widget_type=\"text-editor.default\">\n\t\t\t\t<div class=\"elementor-widget-container\">\n\t\t\t\t\t\t\t<p><span style=\"color: var( --e-global-color-text ); font-family: var( --e-global-typography-text-font-family ), Sans-serif; font-weight: var( --e-global-typography-text-font-weight ); letter-spacing: 0px; text-align: inherit;\">L\u00e4\u00e4ketieteen lisensiaatti<\/span><\/p>\n<p style=\"caret-color: #7a7a7a; color: #7a7a7a; font-family: Roboto, sans-serif; white-space: normal; text-size-adjust: auto;\"><span style=\"color: var( --e-global-color-text ); font-family: var( --e-global-typography-text-font-family ), Sans-serif; font-weight: var( --e-global-typography-text-font-weight ); letter-spacing: 0px; text-align: inherit;\">Lastenpsykiatrian erikoisl\u00e4\u00e4k\u00e4ri<\/span><\/p>\n<p style=\"caret-color: #7a7a7a; color: #7a7a7a; font-family: Roboto, sans-serif; white-space: normal; text-size-adjust: auto;\"><span style=\"color: var( --e-global-color-text ); font-family: var( --e-global-typography-text-font-family ), Sans-serif; font-weight: var( --e-global-typography-text-font-weight ); letter-spacing: 0px; text-align: inherit;\">Kognitiivinen psykoterapeutti (VET -Kouluttajapsykoterapeutti)<\/span><\/p>\n<p style=\"caret-color: #7a7a7a; color: #7a7a7a; font-family: Roboto, sans-serif; white-space: normal; text-size-adjust: auto;\"><strong style=\"color: var( --e-global-color-text ); letter-spacing: 0px; text-align: inherit;\">Palvelut:<\/strong><\/p>\n<p style=\"caret-color: #7a7a7a; color: #7a7a7a; font-family: Roboto, sans-serif; white-space: normal; text-size-adjust: auto;\">Psykoterapia (aikuiset, nuoret, lapset), Kela-p\u00e4tevyys<\/p>\n<p style=\"caret-color: #7a7a7a; color: #7a7a7a; font-family: Roboto, sans-serif; white-space: normal; text-size-adjust: auto;\">Kelan vaativan kuntoutuksen psykoterapiat<\/p>\n<p style=\"caret-color: #7a7a7a; color: #7a7a7a; font-family: Roboto, sans-serif; white-space: normal; text-size-adjust: auto;\">Ty\u00f6nohjaus (yksil\u00f6- ja ryhm\u00e4-, terapia- ja potilasty\u00f6n ty\u00f6nohjaukset)<\/p>\t\t\t\t\t\t<\/div>\n\t\t\t\t<\/div>\n\t\t\t\t\t<\/div>\n\t\t<\/div>\n\t\t\t\t\t\t\t<\/div>\n\t\t<\/section>\n\t\t\t\t\t\t\t<\/div>\n\t\t","protected":false},"excerpt":{"rendered":"<p>L\u00e4\u00e4ketieteen lisensiaatti Lastenpsykiatrian erikoisl\u00e4\u00e4k\u00e4ri Kognitiivinen psykoterapeutti (VET -Kouluttajapsykoterapeutti) Palvelut: Psykoterapia (aikuiset, nuoret, lapset), Kela-p\u00e4tevyys Kelan vaativan kuntoutuksen psykoterapiat Ty\u00f6nohjaus (yksil\u00f6- ja ryhm\u00e4-, terapia- ja potilasty\u00f6n ty\u00f6nohjaukset)<\/p>\n","protected":false},"author":1,"featured_media":0,"parent":0,"menu_order":0,"comment_status":"closed","ping_status":"closed","template":"","meta":{"footnotes":""},"class_list":["post-53","page","type-page","status-publish","hentry"],"_links":{"self":[{"href":"https:\/\/www.katrimuikku.fi\/index.php\/wp-json\/wp\/v2\/pages\/53","targetHints":{"allow":["GET"]}}],"collection":[{"href":"https:\/\/www.katrimuikku.fi\/index.php\/wp-json\/wp\/v2\/pages"}],"about":[{"href":"https:\/\/www.katrimuikku.fi\/index.php\/wp-json\/wp\/v2\/types\/page"}],"author":[{"embeddable":true,"href":"https:\/\/www.katrimuikku.fi\/index.php\/wp-json\/wp\/v2\/users\/1"}],"replies":[{"embeddable":true,"href":"https:\/\/www.katrimuikku.fi\/index.php\/wp-json\/wp\/v2\/comments?post=53"}],"version-history":[{"count":39,"href":"https:\/\/www.katrimuikku.fi\/index.php\/wp-json\/wp\/v2\/pages\/53\/revisions"}],"predecessor-version":[{"id":170,"href":"https:\/\/www.katrimuikku.fi\/index.php\/wp-json\/wp\/v2\/pages\/53\/revisions\/170"}],"wp:attachment":[{"href":"https:\/\/www.katrimuikku.fi\/index.php\/wp-json\/wp\/v2\/media?parent=53"}],"curies":[{"name":"wp","href":"https:\/\/api.w.org\/{rel}","templated":true}]}}